{"id":15,"date":"2019-11-21T16:59:30","date_gmt":"2019-11-22T00:59:30","guid":{"rendered":"http:\/\/thinkagainvc.com\/?page_id=15"},"modified":"2024-10-17T16:35:05","modified_gmt":"2024-10-17T23:35:05","slug":"home","status":"publish","type":"page","link":"https:\/\/thinkagainvc.com\/es\/","title":{"rendered":"Hogar"},"content":{"rendered":"<div data-elementor-type=\"wp-page\" data-elementor-id=\"15\" class=\"elementor elementor-15\" data-elementor-post-type=\"page\">\n\t\t\t\t<div class=\"elementor-element elementor-element-6f2de619 e-con-full e-flex e-con e-parent\" data-id=\"6f2de619\" data-element_type=\"container\" data-e-type=\"container\" data-settings=\"{&quot;background_background&quot;:&quot;classic&quot;,&quot;jet_parallax_layout_list&quot;:[]}\">\n\t\t<div class=\"elementor-element elementor-element-3554e51 e-flex e-con-boxed e-con e-child\" data-id=\"3554e51\" data-element_type=\"container\" data-e-type=\"container\" data-settings=\"{&quot;jet_parallax_layout_list&quot;:[]}\">\n\t\t\t\t\t<div class=\"e-con-inner\">\n\t\t<div class=\"elementor-element elementor-element-21c8f63 e-con-full e-flex e-con e-child\" data-id=\"21c8f63\" data-element_type=\"container\" data-e-type=\"container\" data-settings=\"{&quot;jet_parallax_layout_list&quot;:[],&quot;animation&quot;:&quot;none&quot;,&quot;background_background&quot;:&quot;classic&quot;}\">\n\t\t\t\t<div class=\"elementor-element elementor-element-0c210de elementor--v-position-top elementor-invisible elementor-widget elementor-widget-slides\" data-id=\"0c210de\" data-element_type=\"widget\" data-e-type=\"widget\" data-settings=\"{&quot;navigation&quot;:&quot;none&quot;,&quot;transition&quot;:&quot;fade&quot;,&quot;transition_speed&quot;:2000,&quot;_animation&quot;:&quot;slideInDown&quot;,&quot;autoplay&quot;:&quot;yes&quot;,&quot;autoplay_speed&quot;:5000,&quot;infinite&quot;:&quot;yes&quot;}\" data-widget_type=\"slides.default\">\n\t\t\t\t<div class=\"elementor-widget-container\">\n\t\t\t\t\t\t\t\t\t<div class=\"elementor-swiper\">\n\t\t\t\t\t<div class=\"elementor-slides-wrapper elementor-main-swiper swiper\" role=\"region\" aria-roledescription=\"carousel\" aria-label=\"Diapositivas\" dir=\"ltr\" data-animation=\"\">\n\t\t\t\t<div class=\"swiper-wrapper elementor-slides\">\n\t\t\t\t\t\t\t\t\t\t<div class=\"elementor-repeater-item-f979bb4 swiper-slide\" role=\"group\" aria-roledescription=\"slide\"><div class=\"swiper-slide-bg\" role=\"img\"><\/div><div class=\"swiper-slide-inner\" ><div class=\"swiper-slide-contents\"><div class=\"elementor-slide-heading\">\u00bfCree que est\u00e1 a salvo de<br>la epidemia del fentanilo?<\/div><div class=\"elementor-slide-description\">8 de cada 10 drogas retiradas de las calles en el condado de Ventura conten\u00edan fentanilo. 5 veces m\u00e1s que hace solo 5 a\u00f1os.<\/div><\/div><\/div><\/div><div class=\"elementor-repeater-item-a577bb5 swiper-slide\" role=\"group\" aria-roledescription=\"slide\"><div class=\"swiper-slide-bg\" role=\"img\"><\/div><a class=\"swiper-slide-inner\" href=\"https:\/\/thinkagainvc.com\/es\/get-educated\/\"><div class=\"swiper-slide-contents\"><div class=\"elementor-slide-heading\">Piense de nuevo.<\/div><div  class=\"elementor-button elementor-slide-button elementor-size-md\">M\u00e1s informaci\u00f3n<\/div><\/div><\/a><\/div>\t\t\t\t<\/div>\n\t\t\t\t\t\t\t\t\t\t\t\t\t\t\t\t\t\t\t\t\t<\/div>\n\t\t\t\t<\/div>\n\t\t\t\t\t\t\t\t<\/div>\n\t\t\t\t<\/div>\n\t\t\t\t<\/div>\n\t\t\t\t\t<\/div>\n\t\t\t\t<\/div>\n\t\t\t\t<\/div>\n\t\t<div class=\"elementor-element elementor-element-4621362 e-con-full e-flex e-con e-parent\" data-id=\"4621362\" data-element_type=\"container\" data-e-type=\"container\" data-settings=\"{&quot;background_background&quot;:&quot;classic&quot;,&quot;jet_parallax_layout_list&quot;:[]}\">\n\t\t\t\t<div class=\"elementor-element elementor-element-7809326 elementor-widget-divider--view-line elementor-widget elementor-widget-divider\" data-id=\"7809326\" data-element_type=\"widget\" data-e-type=\"widget\" data-widget_type=\"divider.default\">\n\t\t\t\t<div class=\"elementor-widget-container\">\n\t\t\t\t\t\t\t<div class=\"elementor-divider\">\n\t\t\t<span class=\"elementor-divider-separator\">\n\t\t\t\t\t\t<\/span>\n\t\t<\/div>\n\t\t\t\t\t\t<\/div>\n\t\t\t\t<\/div>\n\t\t<div class=\"elementor-element elementor-element-980a3ff e-flex e-con-boxed elementor-invisible e-con e-child\" data-id=\"980a3ff\" data-element_type=\"container\" data-e-type=\"container\" data-settings=\"{&quot;jet_parallax_layout_list&quot;:[],&quot;animation&quot;:&quot;fadeInUp&quot;}\">\n\t\t\t\t\t<div class=\"e-con-inner\">\n\t\t<div class=\"elementor-element elementor-element-f08ed35 e-flex e-con-boxed e-con e-child\" data-id=\"f08ed35\" data-element_type=\"container\" data-e-type=\"container\" data-settings=\"{&quot;jet_parallax_layout_list&quot;:[],&quot;background_background&quot;:&quot;classic&quot;}\">\n\t\t\t\t\t<div class=\"e-con-inner\">\n\t\t<div class=\"elementor-element elementor-element-61c99bd e-con-full e-flex e-con e-child\" data-id=\"61c99bd\" data-element_type=\"container\" data-e-type=\"container\" data-settings=\"{&quot;jet_parallax_layout_list&quot;:[]}\">\n\t\t\t\t<div class=\"elementor-element elementor-element-e999661 elementor-widget elementor-widget-image\" data-id=\"e999661\" data-element_type=\"widget\" data-e-type=\"widget\" data-widget_type=\"image.default\">\n\t\t\t\t<div class=\"elementor-widget-container\">\n\t\t\t\t\t\t\t\t\t\t\t\t\t\t\t<img fetchpriority=\"high\" decoding=\"async\" width=\"800\" height=\"622\" src=\"https:\/\/thinkagainvc.com\/wp-content\/uploads\/2024\/10\/fentanyl-on-pencil2.jpg\" class=\"attachment-large size-large wp-image-92\" alt=\"\" srcset=\"https:\/\/thinkagainvc.com\/wp-content\/uploads\/2024\/10\/fentanyl-on-pencil2.jpg 830w, https:\/\/thinkagainvc.com\/wp-content\/uploads\/2024\/10\/fentanyl-on-pencil2-480x373.jpg 480w, https:\/\/thinkagainvc.com\/wp-content\/uploads\/2024\/10\/fentanyl-on-pencil2-768x597.jpg 768w, https:\/\/thinkagainvc.com\/wp-content\/uploads\/2024\/10\/fentanyl-on-pencil2-15x12.jpg 15w\" sizes=\"(max-width: 800px) 100vw, 800px\" \/>\t\t\t\t\t\t\t\t\t\t\t\t\t\t\t<\/div>\n\t\t\t\t<\/div>\n\t\t\t\t<\/div>\n\t\t<div class=\"elementor-element elementor-element-43eaf79 e-con-full e-flex e-con e-child\" data-id=\"43eaf79\" data-element_type=\"container\" data-e-type=\"container\" data-settings=\"{&quot;jet_parallax_layout_list&quot;:[]}\">\n\t\t\t\t<div class=\"elementor-element elementor-element-351cefd elementor--h-position-center elementor--v-position-middle elementor-widget elementor-widget-slides\" data-id=\"351cefd\" data-element_type=\"widget\" data-e-type=\"widget\" data-settings=\"{&quot;navigation&quot;:&quot;none&quot;,&quot;transition&quot;:&quot;fade&quot;,&quot;transition_speed&quot;:2000,&quot;autoplay_speed&quot;:10000,&quot;autoplay&quot;:&quot;yes&quot;,&quot;pause_on_hover&quot;:&quot;yes&quot;,&quot;infinite&quot;:&quot;yes&quot;}\" data-widget_type=\"slides.default\">\n\t\t\t\t<div class=\"elementor-widget-container\">\n\t\t\t\t\t\t\t\t\t<div class=\"elementor-swiper\">\n\t\t\t\t\t<div class=\"elementor-slides-wrapper elementor-main-swiper swiper\" role=\"region\" aria-roledescription=\"carousel\" aria-label=\"Diapositivas\" dir=\"ltr\" data-animation=\"\">\n\t\t\t\t<div class=\"swiper-wrapper elementor-slides\">\n\t\t\t\t\t\t\t\t\t\t<div class=\"elementor-repeater-item-497b4da swiper-slide\" role=\"group\" aria-roledescription=\"slide\"><div class=\"swiper-slide-bg\" role=\"img\"><\/div><a class=\"swiper-slide-inner\" href=\"https:\/\/thinkagainvc.com\/es\/get-educated\/\"><div class=\"swiper-slide-contents\"><div class=\"elementor-slide-heading\">\u00bfSab\u00cda que una mota de fentanilo, una cantidad m\u00e1s peque\u00f1a que una gota de lluvia o unos cuantos granos de sal, pdria literalmente matarle? <\/div><div class=\"elementor-slide-description\">El fentanilo es enga\u00f1oso: no se puede ver, ni saborear, ni oler. Recuerde que el fentanilo es un opioide. Muchas sustancias ilegales* podr\u00edan estar mezcladas con este opioide letal para hacerlas m\u00e1s baratas, m\u00e1s potentes y m\u00e1s adictivas. <\/div><div  class=\"elementor-button elementor-slide-button elementor-size-md\">M\u00e1s informaci\u00f3n<\/div><\/div><\/a><\/div><div class=\"elementor-repeater-item-0b85412 swiper-slide\" role=\"group\" aria-roledescription=\"slide\"><div class=\"swiper-slide-bg\" role=\"img\"><\/div><a class=\"swiper-slide-inner\" href=\"https:\/\/thinkagainvc.com\/es\/get-educated\/\"><div class=\"swiper-slide-contents\"><div class=\"elementor-slide-heading\">El fentanilo es 100 veces m\u00e1s potente que la morfina y 50 veces m\u00e1s potente que la hero\u00edna.<\/div><div class=\"elementor-slide-description\">Tan s\u00f3lo 2 miligramos de fentanilo (equivalentes a s\u00f3lo 10 a 15 granos de sal de mesa) pueden matarte.<\/div><div  class=\"elementor-button elementor-slide-button elementor-size-md\">M\u00e1s informaci\u00f3n<\/div><\/div><\/a><\/div>\t\t\t\t<\/div>\n\t\t\t\t\t\t\t\t\t\t\t\t\t\t\t\t\t\t\t\t\t<\/div>\n\t\t\t\t<\/div>\n\t\t\t\t\t\t\t\t<\/div>\n\t\t\t\t<\/div>\n\t\t\t\t<\/div>\n\t\t\t\t\t<\/div>\n\t\t\t\t<\/div>\n\t\t\t\t\t<\/div>\n\t\t\t\t<\/div>\n\t\t\t\t<\/div>\n\t\t<div class=\"elementor-element elementor-element-7cd7fb5 e-con-full e-flex e-con e-parent\" data-id=\"7cd7fb5\" data-element_type=\"container\" data-e-type=\"container\" data-settings=\"{&quot;background_background&quot;:&quot;classic&quot;,&quot;jet_parallax_layout_list&quot;:[]}\">\n\t\t\t\t<div class=\"elementor-element elementor-element-6f66285 elementor-widget-divider--view-line elementor-widget elementor-widget-divider\" data-id=\"6f66285\" data-element_type=\"widget\" data-e-type=\"widget\" data-widget_type=\"divider.default\">\n\t\t\t\t<div class=\"elementor-widget-container\">\n\t\t\t\t\t\t\t<div class=\"elementor-divider\">\n\t\t\t<span class=\"elementor-divider-separator\">\n\t\t\t\t\t\t<\/span>\n\t\t<\/div>\n\t\t\t\t\t\t<\/div>\n\t\t\t\t<\/div>\n\t\t<div class=\"elementor-element elementor-element-b4b763f e-flex e-con-boxed elementor-invisible e-con e-child\" data-id=\"b4b763f\" data-element_type=\"container\" data-e-type=\"container\" data-settings=\"{&quot;jet_parallax_layout_list&quot;:[],&quot;animation&quot;:&quot;fadeInUp&quot;}\">\n\t\t\t\t\t<div class=\"e-con-inner\">\n\t\t<div class=\"elementor-element elementor-element-09ec738 e-flex e-con-boxed e-con e-child\" data-id=\"09ec738\" data-element_type=\"container\" data-e-type=\"container\" data-settings=\"{&quot;jet_parallax_layout_list&quot;:[],&quot;background_background&quot;:&quot;classic&quot;}\">\n\t\t\t\t\t<div class=\"e-con-inner\">\n\t\t<div class=\"elementor-element elementor-element-4017e07 e-con-full e-flex e-con e-child\" data-id=\"4017e07\" data-element_type=\"container\" data-e-type=\"container\" data-settings=\"{&quot;jet_parallax_layout_list&quot;:[]}\">\n\t\t\t\t<div class=\"elementor-element elementor-element-78db6e9 elementor--h-position-center elementor--v-position-middle elementor-widget elementor-widget-slides\" data-id=\"78db6e9\" data-element_type=\"widget\" data-e-type=\"widget\" data-settings=\"{&quot;navigation&quot;:&quot;none&quot;,&quot;transition&quot;:&quot;fade&quot;,&quot;transition_speed&quot;:2000,&quot;autoplay_speed&quot;:10000,&quot;autoplay&quot;:&quot;yes&quot;,&quot;pause_on_hover&quot;:&quot;yes&quot;,&quot;infinite&quot;:&quot;yes&quot;}\" data-widget_type=\"slides.default\">\n\t\t\t\t<div class=\"elementor-widget-container\">\n\t\t\t\t\t\t\t\t\t<div class=\"elementor-swiper\">\n\t\t\t\t\t<div class=\"elementor-slides-wrapper elementor-main-swiper swiper\" role=\"region\" aria-roledescription=\"carousel\" aria-label=\"Diapositivas\" dir=\"ltr\" data-animation=\"\">\n\t\t\t\t<div class=\"swiper-wrapper elementor-slides\">\n\t\t\t\t\t\t\t\t\t\t<div class=\"elementor-repeater-item-94b3a13 swiper-slide\" role=\"group\" aria-roledescription=\"slide\"><div class=\"swiper-slide-bg\" role=\"img\"><\/div><a class=\"swiper-slide-inner\" href=\"https:\/\/thinkagainvc.com\/es\/get-educated\/\"><div class=\"swiper-slide-contents\"><div class=\"elementor-slide-heading\">Una de cada cuatro pastillas falsas analizadas por los laboratorios de la DEA conten\u00eda una dosis potencialmente letal del fentanilo. <\/div><div class=\"elementor-slide-description\">Se venden pastillas falsas en l\u00ednea y en aplicaciones que son populares entre los adolescentes, quienes pueden creer que est\u00e1n comprando algo seguro para la ansiedad o la depresi\u00f3n. <\/div><div  class=\"elementor-button elementor-slide-button elementor-size-md\">M\u00e1s informaci\u00f3n<\/div><\/div><\/a><\/div><div class=\"elementor-repeater-item-23a6522 swiper-slide\" role=\"group\" aria-roledescription=\"slide\"><div class=\"swiper-slide-bg\" role=\"img\"><\/div><a class=\"swiper-slide-inner\" href=\"https:\/\/thinkagainvc.com\/es\/get-educated\/\"><div class=\"swiper-slide-contents\"><div class=\"elementor-slide-heading\">Desde Simi Valley hasta Ventura, la crisis de los opioides afecta a todos: ni\u00f1os, adolescentes y adultos por igual. Nadie es inmune, especialmente porque <i>&quot;Una pastilla puede matar&quot;.<\/i><\/div><div class=\"elementor-slide-description\">Se venden pastillas falsas en l\u00ednea y en aplicaciones que son populares entre los adolescentes, quienes pueden creer que est\u00e1n comprando algo seguro para la ansiedad o la depresi\u00f3n. <\/div><div  class=\"elementor-button elementor-slide-button elementor-size-md\">M\u00e1s informaci\u00f3n<\/div><\/div><\/a><\/div>\t\t\t\t<\/div>\n\t\t\t\t\t\t\t\t\t\t\t\t\t\t\t\t\t\t\t\t\t<\/div>\n\t\t\t\t<\/div>\n\t\t\t\t\t\t\t\t<\/div>\n\t\t\t\t<\/div>\n\t\t\t\t<\/div>\n\t\t<div class=\"elementor-element elementor-element-72b0219 e-con-full e-flex e-con e-child\" data-id=\"72b0219\" data-element_type=\"container\" data-e-type=\"container\" data-settings=\"{&quot;jet_parallax_layout_list&quot;:[]}\">\n\t\t\t\t<div class=\"elementor-element elementor-element-5e09fbc elementor-widget elementor-widget-image\" data-id=\"5e09fbc\" data-element_type=\"widget\" data-e-type=\"widget\" data-widget_type=\"image.default\">\n\t\t\t\t<div class=\"elementor-widget-container\">\n\t\t\t\t\t\t\t\t\t\t\t\t\t\t\t<img decoding=\"async\" width=\"800\" height=\"430\" src=\"https:\/\/thinkagainvc.com\/wp-content\/uploads\/2024\/10\/M30-1024x550.jpg\" class=\"attachment-large size-large wp-image-91\" alt=\"\" srcset=\"https:\/\/thinkagainvc.com\/wp-content\/uploads\/2024\/10\/M30-1024x550.jpg 1024w, https:\/\/thinkagainvc.com\/wp-content\/uploads\/2024\/10\/M30-480x258.jpg 480w, https:\/\/thinkagainvc.com\/wp-content\/uploads\/2024\/10\/M30-768x413.jpg 768w, https:\/\/thinkagainvc.com\/wp-content\/uploads\/2024\/10\/M30-18x10.jpg 18w, https:\/\/thinkagainvc.com\/wp-content\/uploads\/2024\/10\/M30.jpg 1200w\" sizes=\"(max-width: 800px) 100vw, 800px\" \/>\t\t\t\t\t\t\t\t\t\t\t\t\t\t\t<\/div>\n\t\t\t\t<\/div>\n\t\t\t\t<\/div>\n\t\t\t\t\t<\/div>\n\t\t\t\t<\/div>\n\t\t\t\t\t<\/div>\n\t\t\t\t<\/div>\n\t\t\t\t<\/div>\n\t\t\t\t<\/div>","protected":false},"excerpt":{"rendered":"<p>Think You&#8217;re Safe Fromthe Fentanyl Epidemic?8 out of 10 drugs taken off the streets in Ventura County contained fentanyl. 5x more than just 5 years ago.Think Again.Learn More Did you [&hellip;]<\/p>\n","protected":false},"author":2,"featured_media":0,"parent":0,"menu_order":0,"comment_status":"closed","ping_status":"closed","template":"","meta":{"footnotes":""},"class_list":["post-15","page","type-page","status-publish","hentry"],"_links":{"self":[{"href":"https:\/\/thinkagainvc.com\/es\/wp-json\/wp\/v2\/pages\/15","targetHints":{"allow":["GET"]}}],"collection":[{"href":"https:\/\/thinkagainvc.com\/es\/wp-json\/wp\/v2\/pages"}],"about":[{"href":"https:\/\/thinkagainvc.com\/es\/wp-json\/wp\/v2\/types\/page"}],"author":[{"embeddable":true,"href":"https:\/\/thinkagainvc.com\/es\/wp-json\/wp\/v2\/users\/2"}],"replies":[{"embeddable":true,"href":"https:\/\/thinkagainvc.com\/es\/wp-json\/wp\/v2\/comments?post=15"}],"version-history":[{"count":0,"href":"https:\/\/thinkagainvc.com\/es\/wp-json\/wp\/v2\/pages\/15\/revisions"}],"wp:attachment":[{"href":"https:\/\/thinkagainvc.com\/es\/wp-json\/wp\/v2\/media?parent=15"}],"curies":[{"name":"gracias","href":"https:\/\/api.w.org\/{rel}","templated":true}]}}