{"id":107,"date":"2024-10-11T18:30:02","date_gmt":"2024-10-12T01:30:02","guid":{"rendered":"https:\/\/thinkagainvc.com\/?page_id=107"},"modified":"2024-10-12T18:26:39","modified_gmt":"2024-10-13T01:26:39","slug":"get-educated","status":"publish","type":"page","link":"https:\/\/thinkagainvc.com\/es\/get-educated\/","title":{"rendered":"Inf\u00f3rmese"},"content":{"rendered":"<div data-elementor-type=\"wp-page\" data-elementor-id=\"107\" class=\"elementor elementor-107\" data-elementor-post-type=\"page\">\n\t\t\t\t<div class=\"elementor-element elementor-element-9299779 e-con-full e-flex e-con e-parent\" data-id=\"9299779\" data-element_type=\"container\" data-e-type=\"container\" data-settings=\"{&quot;background_background&quot;:&quot;classic&quot;,&quot;jet_parallax_layout_list&quot;:[]}\">\n\t\t<div class=\"elementor-element elementor-element-3140703 e-flex e-con-boxed e-con e-child\" data-id=\"3140703\" data-element_type=\"container\" data-e-type=\"container\" data-settings=\"{&quot;jet_parallax_layout_list&quot;:[]}\">\n\t\t\t\t\t<div class=\"e-con-inner\">\n\t\t<div class=\"elementor-element elementor-element-c08a98c e-con-full e-flex e-con e-child\" data-id=\"c08a98c\" data-element_type=\"container\" data-e-type=\"container\" data-settings=\"{&quot;jet_parallax_layout_list&quot;:[]}\">\n\t\t\t\t<div class=\"elementor-element elementor-element-b919ac9 elementor-widget elementor-widget-heading\" data-id=\"b919ac9\" data-element_type=\"widget\" data-e-type=\"widget\" data-widget_type=\"heading.default\">\n\t\t\t\t<div class=\"elementor-widget-container\">\n\t\t\t\t\t<h1 class=\"elementor-heading-title elementor-size-default\">48% de muertes por sobredosis en <span style=\"color:red\">Thousand Oaks<\/span> Involucr\u00f3 fentanilo, es decir, 5 de cada 10.<\/h1>\t\t\t\t<\/div>\n\t\t\t\t<\/div>\n\t\t\t\t<\/div>\n\t\t<div class=\"elementor-element elementor-element-ee96232 e-con-full e-flex e-con e-child\" data-id=\"ee96232\" data-element_type=\"container\" data-e-type=\"container\" data-settings=\"{&quot;jet_parallax_layout_list&quot;:[]}\">\n\t\t\t\t<div class=\"elementor-element elementor-element-ad6f27f elementor-widget elementor-widget-image\" data-id=\"ad6f27f\" data-element_type=\"widget\" data-e-type=\"widget\" data-widget_type=\"image.default\">\n\t\t\t\t<div class=\"elementor-widget-container\">\n\t\t\t\t\t\t\t\t\t\t\t\t\t\t\t<img fetchpriority=\"high\" decoding=\"async\" width=\"800\" height=\"477\" src=\"https:\/\/thinkagainvc.com\/wp-content\/uploads\/2024\/10\/thousand-oaks-2-1024x610.jpg\" class=\"attachment-large size-large wp-image-93\" alt=\"\" srcset=\"https:\/\/thinkagainvc.com\/wp-content\/uploads\/2024\/10\/thousand-oaks-2-1024x610.jpg 1024w, https:\/\/thinkagainvc.com\/wp-content\/uploads\/2024\/10\/thousand-oaks-2-480x286.jpg 480w, https:\/\/thinkagainvc.com\/wp-content\/uploads\/2024\/10\/thousand-oaks-2-768x458.jpg 768w, https:\/\/thinkagainvc.com\/wp-content\/uploads\/2024\/10\/thousand-oaks-2-1536x916.jpg 1536w, https:\/\/thinkagainvc.com\/wp-content\/uploads\/2024\/10\/thousand-oaks-2-2048x1221.jpg 2048w, https:\/\/thinkagainvc.com\/wp-content\/uploads\/2024\/10\/thousand-oaks-2-18x12.jpg 18w\" sizes=\"(max-width: 800px) 100vw, 800px\" \/>\t\t\t\t\t\t\t\t\t\t\t\t\t\t\t<\/div>\n\t\t\t\t<\/div>\n\t\t\t\t<\/div>\n\t\t\t\t\t<\/div>\n\t\t\t\t<\/div>\n\t\t\t\t<\/div>\n\t\t<div class=\"elementor-element elementor-element-f560e93 e-con-full e-flex e-con e-parent\" data-id=\"f560e93\" data-element_type=\"container\" data-e-type=\"container\" data-settings=\"{&quot;jet_parallax_layout_list&quot;:[]}\">\n\t\t<div class=\"elementor-element elementor-element-8978011 e-flex e-con-boxed e-con e-child\" data-id=\"8978011\" data-element_type=\"container\" data-e-type=\"container\" data-settings=\"{&quot;jet_parallax_layout_list&quot;:[]}\">\n\t\t\t\t\t<div class=\"e-con-inner\">\n\t\t\t\t<div class=\"elementor-element elementor-element-51861b1 elementor-widget elementor-widget-heading\" data-id=\"51861b1\" data-element_type=\"widget\" data-e-type=\"widget\" data-widget_type=\"heading.default\">\n\t\t\t\t<div class=\"elementor-widget-container\">\n\t\t\t\t\t<h1 class=\"elementor-heading-title elementor-size-default\">Inf\u00f3rmese<\/h1>\t\t\t\t<\/div>\n\t\t\t\t<\/div>\n\t\t\t\t\t<\/div>\n\t\t\t\t<\/div>\n\t\t<div class=\"elementor-element elementor-element-9628dcd e-flex e-con-boxed e-con e-child\" data-id=\"9628dcd\" data-element_type=\"container\" data-e-type=\"container\" data-settings=\"{&quot;jet_parallax_layout_list&quot;:[]}\">\n\t\t\t\t\t<div class=\"e-con-inner\">\n\t\t<div class=\"elementor-element elementor-element-5f338c4 e-con-full e-flex e-con e-child\" data-id=\"5f338c4\" data-element_type=\"container\" data-e-type=\"container\" data-settings=\"{&quot;jet_parallax_layout_list&quot;:[]}\">\n\t\t<div class=\"elementor-element elementor-element-2a23a6e e-con-full e-flex e-con e-child\" data-id=\"2a23a6e\" data-element_type=\"container\" data-e-type=\"container\" data-settings=\"{&quot;background_background&quot;:&quot;classic&quot;,&quot;jet_parallax_layout_list&quot;:[]}\">\n\t\t\t\t<div class=\"elementor-element elementor-element-da74a85 elementor-widget elementor-widget-heading\" data-id=\"da74a85\" data-element_type=\"widget\" data-e-type=\"widget\" data-widget_type=\"heading.default\">\n\t\t\t\t<div class=\"elementor-widget-container\">\n\t\t\t\t\t<p class=\"elementor-heading-title elementor-size-default\">\u00bfCrees que sabes qu\u00e9 es el fentanilo, a qui\u00e9n afecta y d\u00f3nde se encuentra? <i style=\"color:red\">Piense de nuevo.<\/i> <\/p>\t\t\t\t<\/div>\n\t\t\t\t<\/div>\n\t\t\t\t<\/div>\n\t\t\t\t<div class=\"elementor-element elementor-element-9f7a89d elementor-widget elementor-widget-heading\" data-id=\"9f7a89d\" data-element_type=\"widget\" data-e-type=\"widget\" data-widget_type=\"heading.default\">\n\t\t\t\t<div class=\"elementor-widget-container\">\n\t\t\t\t\t<h2 class=\"elementor-heading-title elementor-size-default\">Entendiendo el Fentanilo \u2013 \u00bfQu\u00e9 es?<\/h2>\t\t\t\t<\/div>\n\t\t\t\t<\/div>\n\t\t\t\t<div class=\"elementor-element elementor-element-0790281 elementor-widget elementor-widget-text-editor\" data-id=\"0790281\" data-element_type=\"widget\" data-e-type=\"widget\" data-widget_type=\"text-editor.default\">\n\t\t\t\t<div class=\"elementor-widget-container\">\n\t\t\t\t\t\t\t\t\t<h4>Descripci\u00f3n general del fentanilo (uso m\u00e9dico frente a uso il\u00edcito)<\/h4><p>El fentanilo es un opioide sint\u00e9tico extremadamente potente, que se estima que es entre 50 y 100 veces m\u00e1s potente que la morfina. Se utiliza en el \u00e1mbito m\u00e9dico para tratar el dolor intenso o prolongado, generalmente en pacientes que necesitan un alivio continuo. Cuando lo prescribe y administra un profesional sanitario, el fentanilo puede ser una herramienta eficaz para el tratamiento del dolor.<\/p><p>Sin embargo, el fentanilo fabricado il\u00edcitamente es lo que alimenta la epidemia de opioides. Esta forma de fentanilo se asocia com\u00fanmente con muertes por sobredosis en todo Estados Unidos, incluido el condado de Ventura, donde ha contribuido a un aumento del 45% en las muertes relacionadas con opioides entre 2019 y 2020.<\/p><h4>Fentanilo frente a otros opioides<\/h4><p>En comparaci\u00f3n con otros opioides como la oxicodona, el fentanilo es significativamente m\u00e1s potente. Esta potencia hace que incluso una peque\u00f1a cantidad de fentanilo sea extremadamente peligrosa. Una mota de fentanilo, m\u00e1s peque\u00f1a que una gota de lluvia o unos pocos granos de sal, puede ser mortal.<\/p><p>El fentanilo suele a\u00f1adirse a otras sustancias ilegales para aumentar su potencia y capacidad adictiva, lo que lo hace mucho m\u00e1s riesgoso para los consumidores desprevenidos. A diferencia de algunos opioides, el fentanilo no se puede ver, saborear ni oler, lo que lo hace especialmente peligroso, ya que las personas pueden consumirlo sin saberlo.<\/p>\t\t\t\t\t\t\t\t<\/div>\n\t\t\t\t<\/div>\n\t\t\t\t<div class=\"elementor-element elementor-element-79d6174 elementor-widget elementor-widget-heading\" data-id=\"79d6174\" data-element_type=\"widget\" data-e-type=\"widget\" data-widget_type=\"heading.default\">\n\t\t\t\t<div class=\"elementor-widget-container\">\n\t\t\t\t\t<h2 class=\"elementor-heading-title elementor-size-default\">Datos sobre el fentanilo<\/h2>\t\t\t\t<\/div>\n\t\t\t\t<\/div>\n\t\t<div class=\"elementor-element elementor-element-b84a0c6 e-con-full e-flex e-con e-child\" data-id=\"b84a0c6\" data-element_type=\"container\" data-e-type=\"container\" data-settings=\"{&quot;jet_parallax_layout_list&quot;:[]}\">\n\t\t<div class=\"elementor-element elementor-element-4e65911 e-con-full e-flex e-con e-child\" data-id=\"4e65911\" data-element_type=\"container\" data-e-type=\"container\" data-settings=\"{&quot;jet_parallax_layout_list&quot;:[]}\">\n\t\t\t\t<div class=\"elementor-element elementor-element-af5902e elementor-position-inline-start elementor-view-default elementor-mobile-position-block-start elementor-widget elementor-widget-icon-box\" data-id=\"af5902e\" data-element_type=\"widget\" data-e-type=\"widget\" data-widget_type=\"icon-box.default\">\n\t\t\t\t<div class=\"elementor-widget-container\">\n\t\t\t\t\t\t\t<div class=\"elementor-icon-box-wrapper\">\n\n\t\t\t\t\t\t<div class=\"elementor-icon-box-icon\">\n\t\t\t\t<span  class=\"elementor-icon\">\n\t\t\t\t<i aria-hidden=\"true\" class=\"fas fa-biohazard\"><\/i>\t\t\t\t<\/span>\n\t\t\t<\/div>\n\t\t\t\n\t\t\t\t\t\t<div class=\"elementor-icon-box-content\">\n\n\t\t\t\t\t\t\t\t\t<h3 class=\"elementor-icon-box-title\">\n\t\t\t\t\t\t<span  >\n\t\t\t\t\t\t\tLa potencia del fentanilo\t\t\t\t\t\t<\/span>\n\t\t\t\t\t<\/h3>\n\t\t\t\t\n\t\t\t\t\t\t\t\t\t<p class=\"elementor-icon-box-description\">\n\t\t\t\t\t\tUna cantidad min\u00fascula, m\u00e1s peque\u00f1a que un par de granos de sal, puede ser letal.\t\t\t\t\t<\/p>\n\t\t\t\t\n\t\t\t<\/div>\n\t\t\t\n\t\t<\/div>\n\t\t\t\t\t\t<\/div>\n\t\t\t\t<\/div>\n\t\t\t\t<\/div>\n\t\t<div class=\"elementor-element elementor-element-01de2a0 e-con-full e-flex e-con e-child\" data-id=\"01de2a0\" data-element_type=\"container\" data-e-type=\"container\" data-settings=\"{&quot;jet_parallax_layout_list&quot;:[]}\">\n\t\t\t\t<div class=\"elementor-element elementor-element-7be5a8a elementor-position-inline-start elementor-view-default elementor-mobile-position-block-start elementor-widget elementor-widget-icon-box\" data-id=\"7be5a8a\" data-element_type=\"widget\" data-e-type=\"widget\" data-widget_type=\"icon-box.default\">\n\t\t\t\t<div class=\"elementor-widget-container\">\n\t\t\t\t\t\t\t<div class=\"elementor-icon-box-wrapper\">\n\n\t\t\t\t\t\t<div class=\"elementor-icon-box-icon\">\n\t\t\t\t<span  class=\"elementor-icon\">\n\t\t\t\t<i aria-hidden=\"true\" class=\"fas fa-map-marked-alt\"><\/i>\t\t\t\t<\/span>\n\t\t\t<\/div>\n\t\t\t\n\t\t\t\t\t\t<div class=\"elementor-icon-box-content\">\n\n\t\t\t\t\t\t\t\t\t<h3 class=\"elementor-icon-box-title\">\n\t\t\t\t\t\t<span  >\n\t\t\t\t\t\t\tPrevalencia en el condado de Ventura\t\t\t\t\t\t<\/span>\n\t\t\t\t\t<\/h3>\n\t\t\t\t\n\t\t\t\t\t\t\t\t\t<p class=\"elementor-icon-box-description\">\n\t\t\t\t\t\tOcho de cada diez drogas incautadas en las calles del condado de Ventura conten\u00edan fentanilo. La incidencia de fentanilo en las drogas incautadas se ha quintuplicado en los \u00faltimos cinco a\u00f1os.\t\t\t\t\t<\/p>\n\t\t\t\t\n\t\t\t<\/div>\n\t\t\t\n\t\t<\/div>\n\t\t\t\t\t\t<\/div>\n\t\t\t\t<\/div>\n\t\t\t\t<\/div>\n\t\t<div class=\"elementor-element elementor-element-b08457b e-con-full e-flex e-con e-child\" data-id=\"b08457b\" data-element_type=\"container\" data-e-type=\"container\" data-settings=\"{&quot;jet_parallax_layout_list&quot;:[]}\">\n\t\t\t\t<div class=\"elementor-element elementor-element-d2f6a91 elementor-position-inline-start elementor-view-default elementor-mobile-position-block-start elementor-widget elementor-widget-icon-box\" data-id=\"d2f6a91\" data-element_type=\"widget\" data-e-type=\"widget\" data-widget_type=\"icon-box.default\">\n\t\t\t\t<div class=\"elementor-widget-container\">\n\t\t\t\t\t\t\t<div class=\"elementor-icon-box-wrapper\">\n\n\t\t\t\t\t\t<div class=\"elementor-icon-box-icon\">\n\t\t\t\t<span  class=\"elementor-icon\">\n\t\t\t\t<i aria-hidden=\"true\" class=\"fas fa-pills\"><\/i>\t\t\t\t<\/span>\n\t\t\t<\/div>\n\t\t\t\n\t\t\t\t\t\t<div class=\"elementor-icon-box-content\">\n\n\t\t\t\t\t\t\t\t\t<h3 class=\"elementor-icon-box-title\">\n\t\t\t\t\t\t<span  >\n\t\t\t\t\t\t\tPeligro oculto\t\t\t\t\t\t<\/span>\n\t\t\t\t\t<\/h3>\n\t\t\t\t\n\t\t\t\t\t\t\t\t\t<p class=\"elementor-icon-box-description\">\n\t\t\t\t\t\tEl fentanilo se puede encontrar en varias sustancias il\u00edcitas, desde \u201cdrogas de fiesta\u201d como el MDMA hasta pastillas recetadas falsificadas parecidas al Xanax o al Adderall.\t\t\t\t\t<\/p>\n\t\t\t\t\n\t\t\t<\/div>\n\t\t\t\n\t\t<\/div>\n\t\t\t\t\t\t<\/div>\n\t\t\t\t<\/div>\n\t\t\t\t<\/div>\n\t\t\t\t<\/div>\n\t\t\t\t<\/div>\n\t\t<div class=\"elementor-element elementor-element-df71930 e-con-full e-flex e-con e-child\" data-id=\"df71930\" data-element_type=\"container\" data-e-type=\"container\" data-settings=\"{&quot;background_background&quot;:&quot;classic&quot;,&quot;jet_parallax_layout_list&quot;:[]}\">\n\t\t\t\t<div class=\"elementor-element elementor-element-66c7a80 elementor-widget elementor-widget-heading\" data-id=\"66c7a80\" data-element_type=\"widget\" data-e-type=\"widget\" data-widget_type=\"heading.default\">\n\t\t\t\t<div class=\"elementor-widget-container\">\n\t\t\t\t\t<h2 class=\"elementor-heading-title elementor-size-default\">Real o falso<\/h2>\t\t\t\t<\/div>\n\t\t\t\t<\/div>\n\t\t\t\t<div class=\"elementor-element elementor-element-43adc5f elementor-widget elementor-widget-text-editor\" data-id=\"43adc5f\" data-element_type=\"widget\" data-e-type=\"widget\" data-widget_type=\"text-editor.default\">\n\t\t\t\t<div class=\"elementor-widget-container\">\n\t\t\t\t\t\t\t\t\tLa forma il\u00edcita del fentanilo tambi\u00e9n se vende en pastillas falsificadas o falsificadas, que se camuflan como otras drogas, con frecuencia en forma de pastillas redondas y azules. El enga\u00f1o puede ser mortal si alguien cree que est\u00e1 tomando una pastilla inofensiva.\t\t\t\t\t\t\t\t<\/div>\n\t\t\t\t<\/div>\n\t\t\t\t<div class=\"elementor-element elementor-element-900760c elementor-widget elementor-widget-image\" data-id=\"900760c\" data-element_type=\"widget\" data-e-type=\"widget\" data-widget_type=\"image.default\">\n\t\t\t\t<div class=\"elementor-widget-container\">\n\t\t\t\t\t\t\t\t\t\t\t\t\t\t\t<img decoding=\"async\" width=\"800\" height=\"450\" src=\"https:\/\/thinkagainvc.com\/wp-content\/uploads\/2024\/10\/real-or-fake-1024x576.webp\" class=\"attachment-large size-large wp-image-84\" alt=\"\" srcset=\"https:\/\/thinkagainvc.com\/wp-content\/uploads\/2024\/10\/real-or-fake-1024x576.webp 1024w, https:\/\/thinkagainvc.com\/wp-content\/uploads\/2024\/10\/real-or-fake-480x270.webp 480w, https:\/\/thinkagainvc.com\/wp-content\/uploads\/2024\/10\/real-or-fake-768x432.webp 768w, https:\/\/thinkagainvc.com\/wp-content\/uploads\/2024\/10\/real-or-fake-18x10.webp 18w, https:\/\/thinkagainvc.com\/wp-content\/uploads\/2024\/10\/real-or-fake.webp 1200w\" sizes=\"(max-width: 800px) 100vw, 800px\" \/>\t\t\t\t\t\t\t\t\t\t\t\t\t\t\t<\/div>\n\t\t\t\t<\/div>\n\t\t\t\t<div class=\"elementor-element elementor-element-b775bf9 elementor-widget elementor-widget-text-editor\" data-id=\"b775bf9\" data-element_type=\"widget\" data-e-type=\"widget\" data-widget_type=\"text-editor.default\">\n\t\t\t\t<div class=\"elementor-widget-container\">\n\t\t\t\t\t\t\t\t\t<h4><strong>Datos sobre las pastillas falsas<\/strong><\/h4><p><span class=\"TextRun SCXW101465247 BCX0\" lang=\"EN-US\" xml:lang=\"EN-US\" data-contrast=\"none\"><span class=\"NormalTextRun SCXW101465247 BCX0\">A menos que <\/span><span class=\"NormalTextRun SCXW101465247 BCX0\">es<\/span><span class=\"NormalTextRun SCXW101465247 BCX0\"> prescrito por un m\u00e9dico y administrado por un farmac\u00e9utico, <\/span><span class=\"NormalTextRun SCXW101465247 BCX0\">no<\/span><span class=\"NormalTextRun SCXW101465247 BCX0\"> Conf\u00eda en ello.<\/span><\/span><span class=\"EOP SCXW101465247 BCX0\" data-ccp-props=\"{&quot;335559685&quot;:2160,&quot;335559991&quot;:0}\">\u00a0<\/span><\/p>\t\t\t\t\t\t\t\t<\/div>\n\t\t\t\t<\/div>\n\t\t\t\t<div class=\"elementor-element elementor-element-27700b1 elementor-icon-list--layout-traditional elementor-list-item-link-full_width elementor-widget elementor-widget-icon-list\" data-id=\"27700b1\" data-element_type=\"widget\" data-e-type=\"widget\" data-widget_type=\"icon-list.default\">\n\t\t\t\t<div class=\"elementor-widget-container\">\n\t\t\t\t\t\t\t<ul class=\"elementor-icon-list-items\">\n\t\t\t\t\t\t\t<li class=\"elementor-icon-list-item\">\n\t\t\t\t\t\t\t\t\t\t\t<span class=\"elementor-icon-list-icon\">\n\t\t\t\t\t\t\t<i aria-hidden=\"true\" class=\"fas fa-arrow-circle-right\"><\/i>\t\t\t\t\t\t<\/span>\n\t\t\t\t\t\t\t\t\t\t<span class=\"elementor-icon-list-text\">Una de cada cuatro pastillas falsas analizadas por los laboratorios de la DEA conten\u00eda una dosis potencialmente letal del fentanilo. <\/span>\n\t\t\t\t\t\t\t\t\t<\/li>\n\t\t\t\t\t\t\t\t<li class=\"elementor-icon-list-item\">\n\t\t\t\t\t\t\t\t\t\t\t<span class=\"elementor-icon-list-icon\">\n\t\t\t\t\t\t\t<i aria-hidden=\"true\" class=\"fas fa-arrow-circle-right\"><\/i>\t\t\t\t\t\t<\/span>\n\t\t\t\t\t\t\t\t\t\t<span class=\"elementor-icon-list-text\">Se venden pastillas falsas en l\u00ednea y en aplicaciones que son populares entre los adolescentes, quienes pueden creer que est\u00e1n comprando algo seguro para la ansiedad o la depresi\u00f3n.<\/span>\n\t\t\t\t\t\t\t\t\t<\/li>\n\t\t\t\t\t\t\t\t<li class=\"elementor-icon-list-item\">\n\t\t\t\t\t\t\t\t\t\t\t<span class=\"elementor-icon-list-icon\">\n\t\t\t\t\t\t\t<i aria-hidden=\"true\" class=\"fas fa-arrow-circle-right\"><\/i>\t\t\t\t\t\t<\/span>\n\t\t\t\t\t\t\t\t\t\t<span class=\"elementor-icon-list-text\">Los adolescentes, en particular, pueden creer que todos los medicamentos son seguros y no ser conscientes de que la p\u00edldora que parece segura es en realidad mortal. <\/span>\n\t\t\t\t\t\t\t\t\t<\/li>\n\t\t\t\t\t\t<\/ul>\n\t\t\t\t\t\t<\/div>\n\t\t\t\t<\/div>\n\t\t\t\t<\/div>\n\t\t\t\t\t<\/div>\n\t\t\t\t<\/div>\n\t\t\t\t<\/div>\n\t\t\t\t<\/div>","protected":false},"excerpt":{"rendered":"<p>48% of overdose deaths in Thousand Oaks involved fentanyl, that&#8217;s 5 out of every 10. Get Educated Think you know what Fentanyl is, who its affecting, and where it\u2019s found? [&hellip;]<\/p>\n","protected":false},"author":2,"featured_media":0,"parent":0,"menu_order":0,"comment_status":"closed","ping_status":"closed","template":"","meta":{"footnotes":""},"class_list":["post-107","page","type-page","status-publish","hentry"],"_links":{"self":[{"href":"https:\/\/thinkagainvc.com\/es\/wp-json\/wp\/v2\/pages\/107","targetHints":{"allow":["GET"]}}],"collection":[{"href":"https:\/\/thinkagainvc.com\/es\/wp-json\/wp\/v2\/pages"}],"about":[{"href":"https:\/\/thinkagainvc.com\/es\/wp-json\/wp\/v2\/types\/page"}],"author":[{"embeddable":true,"href":"https:\/\/thinkagainvc.com\/es\/wp-json\/wp\/v2\/users\/2"}],"replies":[{"embeddable":true,"href":"https:\/\/thinkagainvc.com\/es\/wp-json\/wp\/v2\/comments?post=107"}],"version-history":[{"count":0,"href":"https:\/\/thinkagainvc.com\/es\/wp-json\/wp\/v2\/pages\/107\/revisions"}],"wp:attachment":[{"href":"https:\/\/thinkagainvc.com\/es\/wp-json\/wp\/v2\/media?parent=107"}],"curies":[{"name":"gracias","href":"https:\/\/api.w.org\/{rel}","templated":true}]}}